{"id":734,"date":"2023-01-27T15:15:13","date_gmt":"2023-01-27T14:15:13","guid":{"rendered":"https:\/\/masserialetorri.com\/?page_id=734"},"modified":"2023-01-27T15:15:14","modified_gmt":"2023-01-27T14:15:14","slug":"privacy-policy","status":"publish","type":"page","link":"https:\/\/masserialetorri.com\/en\/privacy-policy\/","title":{"rendered":"Privacy Policy"},"content":{"rendered":"<h2 class=\"wp-block-heading\">Informativa ai sensi dell\u2019art. 13 d. lgs. 196\/2003<\/h2>\n\n\n\n<p>Gentile Utente,<br>ai sensi dell\u2019art. 13 d.lgs. 196\/2003 (di seguito T.U.), ed in relazione ai dati personali di cui <strong>Masseria Le Torri<\/strong> entrer\u00e0 in possesso, La informiamo di quanto segue.<\/p>\n\n\n\n<h4 class=\"wp-block-heading\">1. Finalit\u00e0 del trattamento dei dati.<\/h4>\n\n\n\n<p>Il trattamento \u00e8 finalizzato unicamente alla corretta e completa esecuzione dell\u2019incarico professionale ricevuto, sia in ambito giudiziale che in ambito stragiudiziale.<\/p>\n\n\n\n<h4 class=\"wp-block-heading\">2. Modalit\u00e0 del trattamento dei dati.<\/h4>\n\n\n\n<p>a) Il trattamento \u00e8 realizzato per mezzo delle operazioni o complesso di operazioni indicate all\u2019art. 4 comma 1 lett. a) T.U.: raccolta, registrazione, organizzazione, conservazione, consultazione, elaborazione, modificazione, selezione, estrazione, raffronto, utilizzo, interconnessione, blocco, comunicazione, cancellazione e distruzione dei dati.<\/p>\n\n\n\n<p>b) Le operazioni possono essere svolte con o senza l\u2019ausilio di strumenti elettronici o comunque automatizzati.<\/p>\n\n\n\n<p>c) Il trattamento \u00e8 svolto dal titolare e\/o dagli incaricati del trattamento.<\/p>\n\n\n\n<h4 class=\"wp-block-heading\">3. Conferimento dei dati.<\/h4>\n\n\n\n<p>Il conferimento di dati personali comuni, sensibili e giudiziari \u00e8 strettamente necessario ai fini dello svolgimento delle attivit\u00e0 di cui al punto 1.<\/p>\n\n\n\n<h4 class=\"wp-block-heading\">4. Rifiuto di conferimento dei dati.<\/h4>\n\n\n\n<p>L\u2019eventuale rifiuto da parte dell\u2019interessato di conferire dati personali nel caso di cui al punto 3) comporta l\u2019impossibilit\u00e0 di adempiere alle attivit\u00e0 di cui al punto 1.<\/p>\n\n\n\n<h4 class=\"wp-block-heading\">5. Comunicazione dei dati.<\/h4>\n\n\n\n<p>I dati personali possono venire a conoscenza degli incaricati del trattamento e possono essere comunicati per le finalit\u00e0 di cui al punto 1 a collaboratori esterni, soggetti operanti nel settore giudiziario, alle controparti e relativi difensori, a collegi di arbitri e, in genere, a tutti quei soggetti pubblici e privati cui la comunicazione sia necessaria per il corretto adempimento delle finalit\u00e0 indicate nel punto 1.<\/p>\n\n\n\n<h4 class=\"wp-block-heading\">6. Diffusione dei dati.<\/h4>\n\n\n\n<p>I dati personali non sono soggetti a diffusione.<\/p>\n\n\n\n<h4 class=\"wp-block-heading\">7. Trasferimento dei dati all\u2019estero.<\/h4>\n\n\n\n<p>I dati personali possono essere trasferiti verso Paesi dell\u2019Unione Europea e verso Paesi terzi rispetto all\u2019Unione Europea nell\u2019ambito delle finalit\u00e0 di cui al punto 1.<\/p>\n\n\n\n<h4 class=\"wp-block-heading\">8. Diritti dell\u2019interessato.<\/h4>\n\n\n\n<p>L\u2019art. 7 T.U. conferisce all\u2019interessato l\u2019esercizio di specifici diritti, tra cui quello di ottenere dal titolare la conferma dell\u2019esistenza o meno di propri dati personali e la loro messa a disposizione in forma intelligibile; l\u2019interessato ha diritto di avere conoscenza dell\u2019origine dei dati, della finalit\u00e0 e delle modalit\u00e0 del trattamento, della logica applicata al trattamento, degli estremi identificativi del titolare e dei soggetti cui i dati possono essere comunicati; l\u2019interessato ha inoltre diritto di ottenere l\u2019aggiornamento, la rettificazione e l\u2019integrazione dei dati, la cancellazione, la trasformazione in forma anonima o il blocco dei dati trattati in violazione della legge; il titolare ha il diritto di opporsi, per motivi legittimi, al trattamento dei dati.<\/p>\n\n\n\n<h4 class=\"wp-block-heading\">9. Titolare del trattamento.<\/h4>\n\n\n\n<h4 class=\"wp-block-heading\">Masseria le torri<\/h4>\n\n\n\n<p>Strada comunale Le Torri, 591\/D<br>70044 Polignano a Mare (BA)<\/p>\n\n\n\n<h2 class=\"wp-block-heading\">Normativa di legge<\/h2>\n\n\n\n<p>L\u20198 maggio 2014, il Garante per la Privacy italiano ha reso noto il regolamento per <a href=\"http:\/\/www.garanteprivacy.it\/web\/guest\/home\/docweb\/-\/docweb-display\/docweb\/3118884\" target=\"_blank\" rel=\"noreferrer noopener\">individuare le modalit\u00e0 semplificate per l\u2019informativa e l\u2019acquisizione del consenso per l\u2019utilizzo dei cookie<\/a>; tale documento \u00e8 stato convertito in legge dello Stato, Cookie Law, il 3 giugno 2014 (vedi anche <a href=\"http:\/\/www.garanteprivacy.it\/web\/guest\/home\/docweb\/-\/docweb-display\/docweb\/3167231\" target=\"_blank\" rel=\"noreferrer noopener\">Garante privacy, no ai cookie per profilazione senza consenso<\/a>).<\/p>\n\n\n\n<p>Con questa legge, il titolare\/gestore del sito web ha l\u2019obbligo di acquisire il consenso preventivo e informato degli utenti all\u2019installazione di cookie utilizzati per finalit\u00e0 diverse da quelle meramente tecniche.<\/p>\n\n\n\n<h2 class=\"wp-block-heading\">Cosa sono i cookie<\/h2>\n\n\n\n<p>I cookie sono file di testo contenenti informazioni minime inviate al browser e archiviate sul computer, telefonino o altro dispositivo dell\u2019utente, ogni volta che si visita un sito web. A ogni collegamento i cookie rimandano le informazioni al sito di riferimento.<\/p>\n\n\n\n<p>I cookie possono essere permanenti (cookie persistenti) se rimangono sul computer finch\u00e9 l\u2019utente non li elimina, oppure temporanei (cookie di sessione) se sono disattivati alla chiusura del browser. I cookie possono anche essere <em>cookie di prime parti<\/em> se impostati dal sito visitato, oppure <em>cookie di terze parti<\/em> se inseriti da un sito diverso da quello visitato.<\/p>\n\n\n\n<p>Ai fini del provvedimento di legge, il Garante della Privacy individua due titpologie di cookie: \u201ccookie tecnici\u201d e \u201ccookie di profilazione\u201d.<\/p>\n\n\n\n<h4 class=\"wp-block-heading\">Cookie tecnici<\/h4>\n\n\n\n<p>I cookie tecnici sono quelli utilizzati al solo fine di \u201c<em>effettuare la trasmissione di una comunicazione su una rete di comunicazione elettronica, o nella misura strettamente necessaria al fornitore di un servizio della societ\u00e0 dell\u2019informazione esplicitamente richiesto dall\u2019abbonato o dall\u2019utente a erogare tale servizio<\/em>\u201d (cfr. art. 122, comma 1, del Codice Privacy).<br>Essi non vengono utilizzati per scopi ulteriori e sono normalmente installati direttamente dal titolare o gestore del sito web. Possono essere suddivisi in cookie di navigazione o di sessione, che garantiscono la normale navigazione e fruizione del sito web (permettendo, ad esempio, di realizzare un acquisto o autenticarsi per accedere ad aree riservate); eventuali cookie analytics, assimilati ai cookie tecnici laddove utilizzati direttamente dal gestore del sito per raccogliere informazioni, in forma aggregata, sul numero degli utenti e su come questi visitano il sito stesso; cookie di funzionalit\u00e0, che permettono all\u2019utente la navigazione in funzione di una serie di criteri selezionati (ad esempio, la lingua, i prodotti selezionati per l\u2019acquisto) al fine di migliorare il servizio reso allo stesso. Per l\u2019installazione di tali cookie non \u00e8 richiesto il preventivo consenso degli utenti.<\/p>\n\n\n\n<h4 class=\"wp-block-heading\">Cookie di profilazione<\/h4>\n\n\n\n<p>I cookie di profilazione sono volti a creare profili relativi all\u2019utente e vengono utilizzati al fine di inviare messaggi pubblicitari in linea con le preferenze manifestate dallo stesso nell\u2019ambito della navigazione in rete. In ragione della particolare invasivit\u00e0 che tali dispositivi possono avere nell\u2019ambito della sfera privata degli utenti, la normativa europea e italiana prevede che l\u2019utente debba essere adeguatamente informato sull\u2019uso degli stessi ed esprimere cos\u00ec il proprio valido consenso. Ad essi si riferisce l\u2019art. 122 del Codice Privacy laddove prevede che \u201c<em>l\u2019archiviazione delle informazioni nell\u2019apparecchio terminale di un contraente o di un utente o l\u2019accesso a informazioni gi\u00e0 archiviate sono consentiti unicamente a condizione che il contraente o l\u2019utente abbia espresso il proprio consenso dopo essere stato informato con le modalit\u00e0 semplificate di cui all\u2019articolo 13 Codice Privacy, comma 3<\/em>\u201d.<\/p>\n\n\n\n<h2 class=\"wp-block-heading\">Perch\u00e9 usiamo i cookie<\/h2>\n\n\n\n<p>Utilizziamo i cookie per migliorare le funzionalit\u00e0 del nostro sito, consentire all\u2019utente di spostarsi agevolmente tra le pagine, ricordare le sue preferenze e per garantire all\u2019utente un\u2019esperienza di navigazione sempre ottimale.<\/p>\n\n\n\n<h2 class=\"wp-block-heading\">Cookie utilizzati e loro finalit\u00e0<\/h2>\n\n\n\n<p>I cookie utilizzati nel nostro sito possono essere catalogati come segue:<\/p>\n\n\n\n<h4 class=\"wp-block-heading\">I cookie indispensabili<\/h4>\n\n\n\n<p>Questi cookie sono fondamentali per consentire all\u2019utente di spostarsi nel sito e utilizzare i servizi richiesti, come ad esempio l\u2019accesso alle aree protette del sito.<br>I cookie indispensabili sono cookie di prime parti e possono essere permanenti o temporanei. Senza questi cookie l\u2019utente non potrebbe accedere ai servizi richiesti e il nostro sito non funzionerebbe correttamente.<\/p>\n\n\n\n<h4 class=\"wp-block-heading\">Performance cookie<\/h4>\n\n\n\n<p>I performance cookie raccolgono informazioni sull\u2019utilizzo di un sito da parte degli utenti, come ad esempio quali sono le pagine visitate con maggiore frequenza. Questi cookie non memorizzano dati identificativi dei singoli visitatori, ma solo dati aggregati e in forma anonima.<\/p>\n\n\n\n<p>Usiamo questi cookie ai fini statistici, per capire come \u00e8 utilizzato il nostro sito.<\/p>\n\n\n\n<p>Questi cookie possono essere di tipo permanente o temporaneo, di prime o terze parti. In sostanza, questi cookie raccolgono informazioni anonime sulle pagine visitate.<\/p>\n\n\n\n<h4 class=\"wp-block-heading\">Cookie di funzionalit\u00e0<\/h4>\n\n\n\n<p>Questi cookie consentono al sito di ricordare le scelte dei visitatori (ad esempio il nome utente, la lingua o il Paese di accesso) e fornire funzionalit\u00e0 pi\u00f9 personalizzate. I cookie di funzionalit\u00e0 possono servire anche per fornire servizi richiesti dall\u2019utente, come l\u2019accesso a un video oppure l\u2019inserimento di un commento a un blog. Le informazioni utilizzate da questi cookie sono in forma anonima e non \u00e8 possibile tracciare la navigazione degli utenti su altri siti.<\/p>\n\n\n\n<p>Usiamo questi cookie per:<\/p>\n\n\n\n<ul class=\"wp-block-list\">\n<li>ricordare se un particolare servizio \u00e8 gi\u00e0 stato fornito all\u2019utente<\/li>\n\n\n\n<li>migliorare l\u2019esperienza generale nel sito ricordando le preferenze dell\u2019utente.<\/li>\n<\/ul>\n\n\n\n<p>Questi cookie possono essere permanenti o temporanei, di prime o terze parti. In sostanza, questi cookie ricordano le scelte individuali fatte dagli utenti per migliorare la loro esperienza di navigazione.<\/p>\n\n\n\n<h4 class=\"wp-block-heading\">Google Analytics<\/h4>\n\n\n\n<p>Il nostro sito include alcune componenti trasmesse da Google Analytics, un servizio di analisi del traffico web fornito da Google. Si tratta di cookie di terze parti raccolti e gestiti in modo anonimo per monitorare e migliorare le prestazioni del sito ospite (performance cookie).<\/p>\n\n\n\n<p>Google Analytics utilizza i \u201ccookie\u201d per raccogliere e analizzare in forma anonima le informazioni sui comportamenti di utilizzo del nostro sito web. Tali informazioni vengono raccolte da Google Analytics, che le elabora allo scopo di redigere report per i nostri operatori riguardanti le attivit\u00e0 sui siti web stessi. Questo sito non utilizza (e non consente a terzi di utilizzare) lo strumento di analisi di Google per monitorare o per raccogliere informazioni personali di identificazione.<\/p>\n\n\n\n<p>Il Garante ha precisato che i cookie di Google Analytics possono essere assimilati ai cookie tecnici soltanto se utilizzati a fini di ottimizzazione del sito direttamente dal titolare del sito stesso, che potr\u00e0 raccogliere informazioni in forma aggregata sul numero degli utenti e su come questi visitano il sito. A queste condizioni, per i cookie analytics valgono le stesse regole, in tema di informativa e consenso, previste per i cookie tecnici.<\/p>\n\n\n\n<p>Precisiamo, pertanto, che sul nostro le componenti di gestione di Google Analytics sono state opportunamente modificate affinch\u00e9 gli indirizzi IP degli utenti siano anonimizzati.<\/p>\n\n\n\n<p>Per ulteriori informazioni, si rinvia al link di seguito indicato: <a href=\"https:\/\/www.google.it\/policies\/privacy\/partners\/\" target=\"_blank\" rel=\"noreferrer noopener\">Modalit\u00e0 di utilizzo dei dati da parte di Google<\/a><\/p>\n\n\n\n<p>L\u2019utente pu\u00f2 disabilitare in modo selettivo l\u2019azione di Google Analytics installando sul proprio browser la componente di opt-out fornito da Google. Per disabilitare l\u2019azione di Google Analytics, si rinvia al link di seguito indicato: <a href=\"https:\/\/tools.google.com\/dlpage\/gaoptout\" target=\"_blank\" rel=\"noreferrer noopener\">Componente aggiuntivo del browser per la disattivazione di Google Analytics<\/a><\/p>\n\n\n\n<h4 class=\"wp-block-heading\">Altri cookie di soggetti terzi<\/h4>\n\n\n\n<p>Visitando un sito web si possono ricevere cookie sia dal sito visitato (\u201cproprietari\u201d), sia da siti gestiti da altre organizzazioni (\u201cterze parti\u201d). Un esempio \u00e8 rappresentato dalla presenza dei \u201csocial plugin\u201d per Facebook, Twitter, Google+, LinkedIn, etc. Si tratta di parti della pagina visitata generate direttamente dai suddetti siti ed integrati nella pagina del sito ospitante. L\u2019utilizzo pi\u00f9 comune dei social plugin \u00e8 finalizzato alla condivisione dei contenuti sui social network.<\/p>\n\n\n\n<p>La presenza di questi plugin comporta la trasmissione di cookie da e verso tutti i siti gestiti da terze parti. La gestione delle informazioni raccolte da \u201cterze parti\u201d \u00e8 disciplinata dalle relative informative cui si prega di fare riferimento. Per garantire una maggiore trasparenza e comodit\u00e0, si riportano qui di seguito gli indirizzi web delle diverse informative e delle modalit\u00e0 per la gestione dei cookie.<\/p>\n\n\n\n<ul class=\"wp-block-list\">\n<li><a href=\"https:\/\/www.facebook.com\/help\/cookies\/\" target=\"_blank\" rel=\"noreferrer noopener\">Facebook informativa<\/a><\/li>\n\n\n\n<li>Facebook (configurazione): <a href=\"https:\/\/www.facebook.com\/\" target=\"_blank\" rel=\"noreferrer noopener\">accedere al proprio account<\/a> &gt; Sezione privacy<\/li>\n\n\n\n<li><a href=\"https:\/\/support.twitter.com\/articles\/20170514\" target=\"_blank\" rel=\"noreferrer noopener\">Twitter informativa<\/a><\/li>\n\n\n\n<li><a href=\"https:\/\/twitter.com\/settings\/security\" target=\"_blank\" rel=\"noreferrer noopener\">Twitter (configurazione)<\/a><\/li>\n\n\n\n<li><a href=\"http:\/\/www.google.it\/intl\/it\/policies\/technologies\/cookies\/\" target=\"_blank\" rel=\"noreferrer noopener\">Google+ informativa<\/a><\/li>\n\n\n\n<li><a href=\"http:\/\/www.google.it\/intl\/it\/policies\/technologies\/managing\/\" target=\"_blank\" rel=\"noreferrer noopener\">Google+ (configurazione)<\/a><\/li>\n\n\n\n<li><a href=\"https:\/\/about.pinterest.com\/it\/privacy-policy\" target=\"_blank\" rel=\"noreferrer noopener\">Pinterest informativa<\/a><\/li>\n<\/ul>\n\n\n\n<h2 class=\"wp-block-heading\">Come gestire e disattivare i cookie<\/h2>\n\n\n\n<p>L\u2019utente pu\u00f2 decidere se accettare o meno i cookie utilizzando le impostazioni del proprio browser.<\/p>\n\n\n\n<p><strong>Attenzione<\/strong>: la disabilitazione totale o parziale dei cookie tecnici pu\u00f2 compromettere l\u2019utilizzo delle funzionalit\u00e0 del sito riservate agli utenti registrati. Al contrario, la fruibilit\u00e0 dei contenuti pubblici \u00e8 possibile anche disabilitando completamente i cookie.<\/p>\n\n\n\n<p>La disabilitazione dei cookie \u201cterze parti\u201d non pregiudica in alcun modo la navigabilit\u00e0.<\/p>\n\n\n\n<p>L\u2019impostazione pu\u00f2 essere definita in modo specifico per i diversi siti e applicazioni web.<\/p>\n\n\n\n<p>Ciascun browser presenta procedure diverse per la gestione delle impostazioni. L\u2019utente pu\u00f2 ottenere istruzioni specifiche attraverso i link sottostanti.<\/p>\n\n\n\n<ul class=\"wp-block-list\">\n<li><a href=\"https:\/\/support.google.com\/chrome\/answer\/95647?hl=it\" target=\"_blank\" rel=\"noreferrer noopener\">Chrome<\/a><\/li>\n\n\n\n<li><a href=\"https:\/\/support.mozilla.org\/it\/kb\/Gestione%20dei%20cookie\" target=\"_blank\" rel=\"noreferrer noopener\">Firefox<\/a><\/li>\n\n\n\n<li><a href=\"http:\/\/windows.microsoft.com\/it-it\/windows7\/how-to-manage-cookies-in-internet-explorer-9\" target=\"_blank\" rel=\"noreferrer noopener\">Internet Explorer<\/a><\/li>\n\n\n\n<li><a href=\"http:\/\/help.opera.com\/Windows\/10.00\/it\/cookies.html\" target=\"_blank\" rel=\"noreferrer noopener\">Opera<\/a><\/li>\n\n\n\n<li><a href=\"http:\/\/support.apple.com\/kb\/HT1677?viewlocale=it_IT\" target=\"_blank\" rel=\"noreferrer noopener\">Safari<\/a><\/li>\n<\/ul>\n\n\n\n<p>La disattivazione dei cookie di terze parti \u00e8 inoltre possibile attraverso le modalit\u00e0 rese disponibili direttamente dalla societ\u00e0 terza titolare per detto trattamento, come indicato ai link riportati nel paragrafo <a href=\"https:\/\/masserialetorri.com\/en\/privacy-e-cookie-policy\/#gestione_terze_parti\">\u201cCookie utilizzati e loro finalit\u00e0 &gt; Altri cookie di soggetti terzi\u201d<\/a><\/p>\n\n\n\n<p>In caso di servizi erogati da terze parti, l\u2019Utente pu\u00f2 inoltre esercitare il proprio diritto ad opporsi al tracciamento informandosi tramite la privacy policy della terza parte, tramite il link di opt out se esplicitamente fornito o contattando direttamente la stessa.<\/p>\n\n\n\n<p>Per avere informazioni sui cookie archiviati sul proprio terminale e disattivarli singolarmente si rinvia al link: <a href=\"http:\/\/www.youronlinechoices.com\/it\/le-tue-scelte\" target=\"_blank\" rel=\"noreferrer noopener\">YourOnlineChoices.com<\/a><\/p>\n\n\n\n<p>Per eliminare i cookie dal browser del proprio smartphone\/tablet, potrebbe essere necessario fare riferimento al manuale d\u2019uso del dispositivo.<\/p>\n\n\n\n<p>Utilizzando il sito senza rifiutare i cookie attraverso le procedure indicate, gli utenti acconsentono al ricorso a tali tecnologie da parte nostra per la raccolta e l\u2019elaborazione di informazioni.<\/p>","protected":false},"excerpt":{"rendered":"<p>Informativa ai sensi dell\u2019art. 13 d. lgs. 196\/2003 Gentile Utente,ai sensi dell\u2019art. 13 d.lgs. 196\/2003 (di seguito T.U.), ed in relazione ai dati personali di cui Masseria Le Torri entrer\u00e0 in possesso, La informiamo di quanto segue. 1. Finalit\u00e0 del trattamento dei dati. Il trattamento \u00e8 finalizzato unicamente alla corretta e completa esecuzione dell\u2019incarico professionale [&hellip;]<\/p>","protected":false},"author":1,"featured_media":0,"parent":0,"menu_order":0,"comment_status":"closed","ping_status":"closed","template":"","meta":{"footnotes":""},"class_list":["post-734","page","type-page","status-publish","hentry"],"_links":{"self":[{"href":"https:\/\/masserialetorri.com\/en\/wp-json\/wp\/v2\/pages\/734","targetHints":{"allow":["GET"]}}],"collection":[{"href":"https:\/\/masserialetorri.com\/en\/wp-json\/wp\/v2\/pages"}],"about":[{"href":"https:\/\/masserialetorri.com\/en\/wp-json\/wp\/v2\/types\/page"}],"author":[{"embeddable":true,"href":"https:\/\/masserialetorri.com\/en\/wp-json\/wp\/v2\/users\/1"}],"replies":[{"embeddable":true,"href":"https:\/\/masserialetorri.com\/en\/wp-json\/wp\/v2\/comments?post=734"}],"version-history":[{"count":1,"href":"https:\/\/masserialetorri.com\/en\/wp-json\/wp\/v2\/pages\/734\/revisions"}],"predecessor-version":[{"id":735,"href":"https:\/\/masserialetorri.com\/en\/wp-json\/wp\/v2\/pages\/734\/revisions\/735"}],"wp:attachment":[{"href":"https:\/\/masserialetorri.com\/en\/wp-json\/wp\/v2\/media?parent=734"}],"curies":[{"name":"wp","href":"https:\/\/api.w.org\/{rel}","templated":true}]}}